{"id":275,"date":"2021-11-03T15:26:41","date_gmt":"2021-11-03T15:26:41","guid":{"rendered":"https:\/\/www.yanpaez.com\/?page_id=275"},"modified":"2022-04-24T10:04:44","modified_gmt":"2022-04-24T14:04:44","slug":"contacto","status":"publish","type":"page","link":"https:\/\/www.yanpaez.com\/en\/contacto\/","title":{"rendered":"Contact"},"content":{"rendered":"<div class=\"vc_row wpb_row vc_row-fluid\"><div class=\"wpb_column vc_column_container vc_col-sm-6\"><div class=\"vc_column-inner\"><div class=\"wpb_wrapper\">\n\t<div class=\"wpb_text_column wpb_content_element\" >\n\t\t<div class=\"wpb_wrapper\">\n\t\t\t<p><span style=\"color: #ff6600;\">For information or services please write to us<\/span><\/p>\n\n\t\t<\/div>\n\t<\/div>\n<div class=\"vc_empty_space  height_tiny\"   style=\"height: 32px\"><span class=\"vc_empty_space_inner\"><\/span><\/div>\n<div class=\"wpcf7 no-js\" id=\"wpcf7-f71-o1\" lang=\"es-ES\" dir=\"ltr\" data-wpcf7-id=\"71\">\n<div class=\"screen-reader-response\"><p role=\"status\" aria-live=\"polite\" aria-atomic=\"true\"><\/p> <ul><\/ul><\/div>\n<form action=\"\/en\/wp-json\/wp\/v2\/pages\/275#wpcf7-f71-o1\" method=\"post\" class=\"wpcf7-form init\" aria-label=\"Formulario de contacto\" novalidate=\"novalidate\" data-status=\"init\" data-trp-original-action=\"\/en\/wp-json\/wp\/v2\/pages\/275#wpcf7-f71-o1\">\n<fieldset class=\"hidden-fields-container\"><input type=\"hidden\" name=\"_wpcf7\" value=\"71\" \/><input type=\"hidden\" name=\"_wpcf7_version\" value=\"6.1.5\" \/><input type=\"hidden\" name=\"_wpcf7_locale\" value=\"es_ES\" \/><input type=\"hidden\" name=\"_wpcf7_unit_tag\" value=\"wpcf7-f71-o1\" \/><input type=\"hidden\" name=\"_wpcf7_container_post\" value=\"0\" \/><input type=\"hidden\" name=\"_wpcf7_posted_data_hash\" value=\"\" \/>\n<\/fieldset>\n<p><label> Nombre<br \/>\n<span class=\"wpcf7-form-control-wrap\" data-name=\"your-subject\"><input size=\"40\" maxlength=\"400\" class=\"wpcf7-form-control wpcf7-text wpcf7-validates-as-required\" aria-required=\"true\" aria-invalid=\"false\" value=\"\" type=\"text\" name=\"your-subject\" \/><\/span> <\/label>\n<\/p>\n<p><label> Email<br \/>\n<span class=\"wpcf7-form-control-wrap\" data-name=\"your-email\"><input size=\"40\" maxlength=\"400\" class=\"wpcf7-form-control wpcf7-email wpcf7-validates-as-required wpcf7-text wpcf7-validates-as-email\" aria-required=\"true\" aria-invalid=\"false\" value=\"\" type=\"email\" name=\"your-email\" \/><\/span> <\/label>\n<\/p>\n<p><label> Tel (optional)<br \/>\n<span class=\"wpcf7-form-control-wrap\" data-name=\"id:1\"><input size=\"40\" maxlength=\"400\" class=\"wpcf7-form-control wpcf7-tel wpcf7-text wpcf7-validates-as-tel 1\" aria-invalid=\"false\" value=\"\" type=\"tel\" name=\"id:1\" \/><\/span> <\/label>\n<\/p>\n<p><label> Message<br \/>\n<span class=\"wpcf7-form-control-wrap\" data-name=\"your-message\"><textarea cols=\"40\" rows=\"10\" maxlength=\"2000\" class=\"wpcf7-form-control wpcf7-textarea\" aria-invalid=\"false\" name=\"your-message\"><\/textarea><\/span> <\/label>\n<\/p>\n<p><input class=\"wpcf7-form-control wpcf7-submit has-spinner\" type=\"submit\" value=\"Send\" \/>\n<\/p><div class=\"wpcf7-response-output\" aria-hidden=\"true\"><\/div>\n<input type=\"hidden\" name=\"trp-form-language\" value=\"en\"\/><\/form>\n<\/div>\n<\/div><\/div><\/div><div class=\"wpb_column vc_column_container vc_col-sm-6\"><div class=\"vc_column-inner\"><div class=\"wpb_wrapper\">\n\t<div class=\"wpb_text_column wpb_content_element\" >\n\t\t<div class=\"wpb_wrapper\">\n\t\t\t<p style=\"text-align: center;\">Yan P\u00e1ez Atelier in Plaza de la Cultura de Bonao.<\/p>\n\n\t\t<\/div>\n\t<\/div>\n<div class=\"vc_empty_space  height_tiny\"   style=\"height: 32px\"><span class=\"vc_empty_space_inner\"><\/span><\/div><div class=\"wpb_gmaps_widget wpb_content_element\"><div class=\"wpb_wrapper\"><div class=\"wpb_map_wraper\"><iframe src=\"https:\/\/www.google.com\/maps\/embed?pb=!1m18!1m12!1m3!1d3773.7422913961045!2d-70.4142636853046!3d18.94279778716444!2m3!1f0!2f0!3f0!3m2!1i1024!2i768!4f13.1!3m3!1m2!1s0x8eafdf6beb6f0d01%3A0xc6b4132b3c4de541!2sPlaza%20De%20La%20Cultura%2C%20Bonao!5e0!3m2!1ses!2sdo!4v1636384354387!5m2!1ses!2sdo\" width=\"600\" height=\"450\" style=\"border:0;\" allowfullscreen=\"\" loading=\"lazy\"><\/iframe><\/div><\/div><\/div><\/div><\/div><\/div><\/div><div class=\"vc_row wpb_row vc_row-fluid\"><div class=\"wpb_column vc_column_container vc_col-sm-12\"><div class=\"vc_column-inner\"><div class=\"wpb_wrapper\"><\/div><\/div><\/div><\/div>","protected":false},"excerpt":{"rendered":"Para informaci\u00f3n o servicios por favor escribirnos Nombre Correo Tel\u00e9fono (opcional) Mensaje Yan P\u00e1ez Atelier en Plaza de la Cultura de Bonao.","protected":false},"author":1,"featured_media":0,"parent":0,"menu_order":0,"comment_status":"closed","ping_status":"closed","template":"","meta":{"footnotes":""},"class_list":["post-275","page","type-page","status-publish","hentry"],"yoast_head":"<!-- This site is optimized with the Yoast SEO plugin v27.1.1 - https:\/\/yoast.com\/product\/yoast-seo-wordpress\/ -->\n<title>Contacto | Yan Paez<\/title>\n<meta name=\"description\" content=\"Para contacto \u00f3 informaci\u00f3n utilizar las redes sociales: Instagram @yanpaez, Fb yanpaezart o nuestro website.\" \/>\n<meta name=\"robots\" content=\"index, follow, max-snippet:-1, max-image-preview:large, max-video-preview:-1\" \/>\n<link rel=\"canonical\" href=\"https:\/\/www.yanpaez.com\/en\/contacto\/\" \/>\n<meta property=\"og:locale\" content=\"en_US\" \/>\n<meta property=\"og:type\" content=\"article\" \/>\n<meta property=\"og:title\" content=\"Contacto | Yan Paez\" \/>\n<meta property=\"og:description\" content=\"Para contacto \u00f3 informaci\u00f3n utilizar las redes sociales: Instagram @yanpaez, Fb yanpaezart o nuestro website.\" \/>\n<meta property=\"og:url\" content=\"https:\/\/www.yanpaez.com\/en\/contacto\/\" \/>\n<meta property=\"og:site_name\" content=\"Yan Paez\" \/>\n<meta property=\"article:modified_time\" content=\"2022-04-24T14:04:44+00:00\" \/>\n<meta name=\"twitter:card\" content=\"summary_large_image\" \/>\n<meta name=\"twitter:label1\" content=\"Est. reading time\" \/>\n\t<meta name=\"twitter:data1\" content=\"1 minute\" \/>\n<script type=\"application\/ld+json\" class=\"yoast-schema-graph\">{\"@context\":\"https:\/\/schema.org\",\"@graph\":[{\"@type\":\"WebPage\",\"@id\":\"https:\/\/www.yanpaez.com\/contacto\/\",\"url\":\"https:\/\/www.yanpaez.com\/contacto\/\",\"name\":\"Contacto | Yan Paez\",\"isPartOf\":{\"@id\":\"https:\/\/www.yanpaez.com\/#website\"},\"datePublished\":\"2021-11-03T15:26:41+00:00\",\"dateModified\":\"2022-04-24T14:04:44+00:00\",\"description\":\"Para contacto \u00f3 informaci\u00f3n utilizar las redes sociales: Instagram @yanpaez, Fb yanpaezart o nuestro website.\",\"breadcrumb\":{\"@id\":\"https:\/\/www.yanpaez.com\/contacto\/#breadcrumb\"},\"inLanguage\":\"en-US\",\"potentialAction\":[{\"@type\":\"ReadAction\",\"target\":[\"https:\/\/www.yanpaez.com\/contacto\/\"]}]},{\"@type\":\"BreadcrumbList\",\"@id\":\"https:\/\/www.yanpaez.com\/contacto\/#breadcrumb\",\"itemListElement\":[{\"@type\":\"ListItem\",\"position\":1,\"name\":\"Home\",\"item\":\"https:\/\/www.yanpaez.com\/\"},{\"@type\":\"ListItem\",\"position\":2,\"name\":\"Contacto\"}]},{\"@type\":\"WebSite\",\"@id\":\"https:\/\/www.yanpaez.com\/#website\",\"url\":\"https:\/\/www.yanpaez.com\/\",\"name\":\"Yan Paez\",\"description\":\"Sitio oficial\",\"publisher\":{\"@id\":\"https:\/\/www.yanpaez.com\/#organization\"},\"potentialAction\":[{\"@type\":\"SearchAction\",\"target\":{\"@type\":\"EntryPoint\",\"urlTemplate\":\"https:\/\/www.yanpaez.com\/?s={search_term_string}\"},\"query-input\":{\"@type\":\"PropertyValueSpecification\",\"valueRequired\":true,\"valueName\":\"search_term_string\"}}],\"inLanguage\":\"en-US\"},{\"@type\":\"Organization\",\"@id\":\"https:\/\/www.yanpaez.com\/#organization\",\"name\":\"Yan Paez\",\"url\":\"https:\/\/www.yanpaez.com\/\",\"logo\":{\"@type\":\"ImageObject\",\"inLanguage\":\"en-US\",\"@id\":\"https:\/\/www.yanpaez.com\/#\/schema\/logo\/image\/\",\"url\":\"https:\/\/www.yanpaez.com\/wp-content\/uploads\/2022\/01\/dorado-logo_a-2x2-n.png\",\"contentUrl\":\"https:\/\/www.yanpaez.com\/wp-content\/uploads\/2022\/01\/dorado-logo_a-2x2-n.png\",\"width\":671,\"height\":671,\"caption\":\"Yan Paez\"},\"image\":{\"@id\":\"https:\/\/www.yanpaez.com\/#\/schema\/logo\/image\/\"}}]}<\/script>\n<!-- \/ Yoast SEO plugin. -->","yoast_head_json":{"title":"Contacto | Yan Paez","description":"Para contacto \u00f3 informaci\u00f3n utilizar las redes sociales: Instagram @yanpaez, Fb yanpaezart o nuestro website.","robots":{"index":"index","follow":"follow","max-snippet":"max-snippet:-1","max-image-preview":"max-image-preview:large","max-video-preview":"max-video-preview:-1"},"canonical":"https:\/\/www.yanpaez.com\/en\/contacto\/","og_locale":"en_US","og_type":"article","og_title":"Contacto | Yan Paez","og_description":"Para contacto \u00f3 informaci\u00f3n utilizar las redes sociales: Instagram @yanpaez, Fb yanpaezart o nuestro website.","og_url":"https:\/\/www.yanpaez.com\/en\/contacto\/","og_site_name":"Yan Paez","article_modified_time":"2022-04-24T14:04:44+00:00","twitter_card":"summary_large_image","twitter_misc":{"Est. reading time":"1 minute"},"schema":{"@context":"https:\/\/schema.org","@graph":[{"@type":"WebPage","@id":"https:\/\/www.yanpaez.com\/contacto\/","url":"https:\/\/www.yanpaez.com\/contacto\/","name":"Contacto | Yan Paez","isPartOf":{"@id":"https:\/\/www.yanpaez.com\/#website"},"datePublished":"2021-11-03T15:26:41+00:00","dateModified":"2022-04-24T14:04:44+00:00","description":"Para contacto \u00f3 informaci\u00f3n utilizar las redes sociales: Instagram @yanpaez, Fb yanpaezart o nuestro website.","breadcrumb":{"@id":"https:\/\/www.yanpaez.com\/contacto\/#breadcrumb"},"inLanguage":"en-US","potentialAction":[{"@type":"ReadAction","target":["https:\/\/www.yanpaez.com\/contacto\/"]}]},{"@type":"BreadcrumbList","@id":"https:\/\/www.yanpaez.com\/contacto\/#breadcrumb","itemListElement":[{"@type":"ListItem","position":1,"name":"Home","item":"https:\/\/www.yanpaez.com\/"},{"@type":"ListItem","position":2,"name":"Contacto"}]},{"@type":"WebSite","@id":"https:\/\/www.yanpaez.com\/#website","url":"https:\/\/www.yanpaez.com\/","name":"Yan Paez","description":"Sitio oficial","publisher":{"@id":"https:\/\/www.yanpaez.com\/#organization"},"potentialAction":[{"@type":"SearchAction","target":{"@type":"EntryPoint","urlTemplate":"https:\/\/www.yanpaez.com\/?s={search_term_string}"},"query-input":{"@type":"PropertyValueSpecification","valueRequired":true,"valueName":"search_term_string"}}],"inLanguage":"en-US"},{"@type":"Organization","@id":"https:\/\/www.yanpaez.com\/#organization","name":"Yan Paez","url":"https:\/\/www.yanpaez.com\/","logo":{"@type":"ImageObject","inLanguage":"en-US","@id":"https:\/\/www.yanpaez.com\/#\/schema\/logo\/image\/","url":"https:\/\/www.yanpaez.com\/wp-content\/uploads\/2022\/01\/dorado-logo_a-2x2-n.png","contentUrl":"https:\/\/www.yanpaez.com\/wp-content\/uploads\/2022\/01\/dorado-logo_a-2x2-n.png","width":671,"height":671,"caption":"Yan Paez"},"image":{"@id":"https:\/\/www.yanpaez.com\/#\/schema\/logo\/image\/"}}]}},"_links":{"self":[{"href":"https:\/\/www.yanpaez.com\/en\/wp-json\/wp\/v2\/pages\/275","targetHints":{"allow":["GET"]}}],"collection":[{"href":"https:\/\/www.yanpaez.com\/en\/wp-json\/wp\/v2\/pages"}],"about":[{"href":"https:\/\/www.yanpaez.com\/en\/wp-json\/wp\/v2\/types\/page"}],"author":[{"embeddable":true,"href":"https:\/\/www.yanpaez.com\/en\/wp-json\/wp\/v2\/users\/1"}],"replies":[{"embeddable":true,"href":"https:\/\/www.yanpaez.com\/en\/wp-json\/wp\/v2\/comments?post=275"}],"version-history":[{"count":0,"href":"https:\/\/www.yanpaez.com\/en\/wp-json\/wp\/v2\/pages\/275\/revisions"}],"wp:attachment":[{"href":"https:\/\/www.yanpaez.com\/en\/wp-json\/wp\/v2\/media?parent=275"}],"curies":[{"name":"wp","href":"https:\/\/api.w.org\/{rel}","templated":true}]}}