{"id":439,"date":"2016-10-06T10:17:54","date_gmt":"2016-10-06T14:17:54","guid":{"rendered":"https:\/\/www.yanpaez.com\/about-us-style-1\/"},"modified":"2023-02-08T09:43:20","modified_gmt":"2023-02-08T13:43:20","slug":"biografia","status":"publish","type":"page","link":"https:\/\/www.yanpaez.com\/en\/biografia\/","title":{"rendered":"Biograf\u00eda"},"content":{"rendered":"<div data-vc-full-width=\"true\" data-vc-full-width-init=\"false\" data-vc-stretch-content=\"true\" class=\"vc_row wpb_row vc_row-fluid\"><div class=\"wpb_column vc_column_container vc_col-sm-12\"><div class=\"vc_column-inner\"><div class=\"wpb_wrapper\">\n\t<div  class=\"wpb_single_image wpb_content_element vc_align_center\">\n\t\t\n\t\t<figure class=\"wpb_wrapper vc_figure\">\n\t\t\t<a class=\"\" data-lightbox=\"lightbox[rel-439-122895864]\" href=\"https:\/\/www.yanpaez.com\/wp-content\/uploads\/2022\/06\/IMG_1956-2-1024x658.jpg\" target=\"_self\" class=\"vc_single_image-wrapper   vc_box_border_grey\"><img loading=\"lazy\" decoding=\"async\" width=\"1240\" height=\"797\" src=\"https:\/\/www.yanpaez.com\/wp-content\/uploads\/2022\/06\/IMG_1956-2.jpg\" class=\"vc_single_image-img attachment-full\" alt=\"\" srcset=\"https:\/\/www.yanpaez.com\/wp-content\/uploads\/2022\/06\/IMG_1956-2.jpg 1240w, https:\/\/www.yanpaez.com\/wp-content\/uploads\/2022\/06\/IMG_1956-2-600x386.jpg 600w, https:\/\/www.yanpaez.com\/wp-content\/uploads\/2022\/06\/IMG_1956-2-300x193.jpg 300w, https:\/\/www.yanpaez.com\/wp-content\/uploads\/2022\/06\/IMG_1956-2-1024x658.jpg 1024w, https:\/\/www.yanpaez.com\/wp-content\/uploads\/2022\/06\/IMG_1956-2-768x494.jpg 768w, https:\/\/www.yanpaez.com\/wp-content\/uploads\/2022\/06\/IMG_1956-2-18x12.jpg 18w, https:\/\/www.yanpaez.com\/wp-content\/uploads\/2022\/06\/IMG_1956-2-370x238.jpg 370w, https:\/\/www.yanpaez.com\/wp-content\/uploads\/2022\/06\/IMG_1956-2-770x495.jpg 770w, https:\/\/www.yanpaez.com\/wp-content\/uploads\/2022\/06\/IMG_1956-2-740x476.jpg 740w\" sizes=\"auto, (max-width: 1240px) 100vw, 1240px\" \/><\/a>\n\t\t<\/figure>\n\t<\/div>\n<div class=\"vc_empty_space  height_tiny\"   style=\"height: 32px\"><span class=\"vc_empty_space_inner\"><\/span><\/div><div class=\"vc_empty_space  height_tiny\"   style=\"height: 32px\"><span class=\"vc_empty_space_inner\"><\/span><\/div><div class=\"vc_empty_space  height_tiny\"   style=\"height: 32px\"><span class=\"vc_empty_space_inner\"><\/span><\/div><div class=\"vc_empty_space  height_tiny\"   style=\"height: 32px\"><span class=\"vc_empty_space_inner\"><\/span><\/div><\/div><\/div><\/div><\/div><div class=\"vc_row-full-width vc_clearfix\"><\/div><div class=\"vc_row wpb_row vc_row-fluid\"><div class=\"wpb_column vc_column_container vc_col-sm-6\"><div class=\"vc_column-inner\"><div class=\"wpb_wrapper\">\n\t<div class=\"wpb_text_column wpb_content_element \" >\n\t\t<div class=\"wpb_wrapper\">\n\t\t\t<p>Nace en la ciudad de Monte Cristi, Rep\u00fablica Dominicana, en el a\u00f1o 1986. A la edad 4 a\u00f1os se traslada a la Provincia Monse\u00f1or Nouel, (Bonao). desde muy temprana edad sent\u00eda la vocaci\u00f3n por las artes, y es a los 11 a\u00f1os que ingresa al Centro de Artes Plaza de la Cultura de Bonao. Liderada en su momento por unos de los maestros m\u00e1s destacado de la pl\u00e1stica dominicana, C\u00e1ndido Bid\u00f3, en el \u00e1rea de creatividad infantil. A los 13 a\u00f1os ingresa al \u00e1rea de adulto donde comienza formalmente sus estudios de artes visuales a nivel profesional. Egresa de dicho centro en el 2003.\u00a0 Realiza diplomado en educaci\u00f3n Art\u00edstica en la Universidad Cat\u00f3lica Tecnol\u00f3gica del Cibao (UCATECI) de la ciudad de la vega Rep\u00fablica Dominicana. Actualmente es profesor en el Centro de Artes Plaza de la Cultura de Bonao. impartiendo las materias de Anatom\u00eda Art\u00edstica, dibujo del natural y taller de grado creativo.<\/p>\n<p>Yan P\u00e1ez \u00a0ha colaborado en la Fundaci\u00f3n Carebbean Woman Fundation, en Santo Domingo, Rep\u00fablica Dominicana, entidad que trabaja con mujeres a las que empodera de herramientas y recursos para hacerlas a la vez econ\u00f3micamente independientes y emocionalmente aptas para salir del estado de vulnerabilidad social. Las obras de Yan es utilizada como portada de los productos que esta instituci\u00f3n utiliza como medio de recaudar fondos, al igual que exposiciones de artes para fines de la misma.<\/p>\n<p>Colaborador del movimiento Mujeres Poetas internacional MPI Inc. y del festival Grito de Mujer que \u00e9sta realiza en diferentes pa\u00edses con el soporte e imagen de sus obras,\u00a0 las obras se muestran en los diferentes escenarios por la alta sensibilidad y conexi\u00f3n que las pinturas de Yan representa\u00a0 con la causa.<\/p>\n<p>Ha trabajado con las destacadas dise\u00f1adoras de moda dominicana\u00a0 Giannina Azar y Marisol Henr\u00edquez, en el dise\u00f1o e ilustraciones de textil para diferentes desfiles de moda nacionales e internacionales.<\/p>\n<p>Yan P\u00e1ez a impartido talleres de artes tanto para ni\u00f1o como para adultos en diferentes escenarios y pa\u00edses como : Casa Dominicana, Puerto Rico, En Casa de las Diligencias instituci\u00f3n cultural que perteneciente a la (UAEMEX) Universidad Aut\u00f3noma\u00a0 del Estado de Mexico, Toluca ,Mexico, y su pa\u00eds de origen Rep\u00fablica Dominicana<\/p>\n\n\t\t<\/div>\n\t<\/div>\n<\/div><\/div><\/div><div class=\"wpb_column vc_column_container vc_col-sm-6\"><div class=\"vc_column-inner\"><div class=\"wpb_wrapper\"><div class=\"vc_empty_space  height_tiny\"   style=\"height: 32px\"><span class=\"vc_empty_space_inner\"><\/span><\/div><div class=\"vc_empty_space  height_tiny\"   style=\"height: 32px\"><span class=\"vc_empty_space_inner\"><\/span><\/div>\n\t<div  class=\"wpb_single_image wpb_content_element vc_align_left\">\n\t\t\n\t\t<figure class=\"wpb_wrapper vc_figure\">\n\t\t\t<a class=\"\" data-lightbox=\"lightbox[rel-439-630453010]\" href=\"https:\/\/www.yanpaez.com\/wp-content\/uploads\/2022\/06\/IMG_1937-2-1024x683.jpg\" target=\"_self\" class=\"vc_single_image-wrapper   vc_box_border_grey\"><img loading=\"lazy\" decoding=\"async\" width=\"1240\" height=\"827\" src=\"https:\/\/www.yanpaez.com\/wp-content\/uploads\/2022\/06\/IMG_1937-2.jpg\" class=\"vc_single_image-img attachment-full\" alt=\"\" srcset=\"https:\/\/www.yanpaez.com\/wp-content\/uploads\/2022\/06\/IMG_1937-2.jpg 1240w, https:\/\/www.yanpaez.com\/wp-content\/uploads\/2022\/06\/IMG_1937-2-600x400.jpg 600w, https:\/\/www.yanpaez.com\/wp-content\/uploads\/2022\/06\/IMG_1937-2-300x200.jpg 300w, https:\/\/www.yanpaez.com\/wp-content\/uploads\/2022\/06\/IMG_1937-2-1024x683.jpg 1024w, https:\/\/www.yanpaez.com\/wp-content\/uploads\/2022\/06\/IMG_1937-2-768x512.jpg 768w, https:\/\/www.yanpaez.com\/wp-content\/uploads\/2022\/06\/IMG_1937-2-18x12.jpg 18w, https:\/\/www.yanpaez.com\/wp-content\/uploads\/2022\/06\/IMG_1937-2-370x247.jpg 370w, https:\/\/www.yanpaez.com\/wp-content\/uploads\/2022\/06\/IMG_1937-2-770x514.jpg 770w, https:\/\/www.yanpaez.com\/wp-content\/uploads\/2022\/06\/IMG_1937-2-740x494.jpg 740w\" sizes=\"auto, (max-width: 1240px) 100vw, 1240px\" \/><\/a>\n\t\t<\/figure>\n\t<\/div>\n<div class=\"vc_empty_space  height_tiny\"   style=\"height: 32px\"><span class=\"vc_empty_space_inner\"><\/span><\/div><div class=\"vc_empty_space  height_tiny\"   style=\"height: 32px\"><span class=\"vc_empty_space_inner\"><\/span><\/div>\n\t<div  class=\"wpb_single_image wpb_content_element vc_align_center\">\n\t\t\n\t\t<figure class=\"wpb_wrapper vc_figure\">\n\t\t\t<a class=\"\" data-lightbox=\"lightbox[rel-439-439063133]\" href=\"https:\/\/www.yanpaez.com\/wp-content\/uploads\/2022\/01\/IMG_1927-1024x683.jpg\" target=\"_self\" class=\"vc_single_image-wrapper vc_box_shadow_3d  vc_box_border_grey\"><img loading=\"lazy\" decoding=\"async\" width=\"1240\" height=\"827\" src=\"https:\/\/www.yanpaez.com\/wp-content\/uploads\/2022\/01\/IMG_1927.jpg\" class=\"vc_single_image-img attachment-full\" alt=\"\" srcset=\"https:\/\/www.yanpaez.com\/wp-content\/uploads\/2022\/01\/IMG_1927.jpg 1240w, https:\/\/www.yanpaez.com\/wp-content\/uploads\/2022\/01\/IMG_1927-600x400.jpg 600w, https:\/\/www.yanpaez.com\/wp-content\/uploads\/2022\/01\/IMG_1927-300x200.jpg 300w, https:\/\/www.yanpaez.com\/wp-content\/uploads\/2022\/01\/IMG_1927-1024x683.jpg 1024w, https:\/\/www.yanpaez.com\/wp-content\/uploads\/2022\/01\/IMG_1927-768x512.jpg 768w, https:\/\/www.yanpaez.com\/wp-content\/uploads\/2022\/01\/IMG_1927-370x247.jpg 370w, https:\/\/www.yanpaez.com\/wp-content\/uploads\/2022\/01\/IMG_1927-770x514.jpg 770w, https:\/\/www.yanpaez.com\/wp-content\/uploads\/2022\/01\/IMG_1927-740x494.jpg 740w\" sizes=\"auto, (max-width: 1240px) 100vw, 1240px\" \/><\/a>\n\t\t<\/figure>\n\t<\/div>\n<\/div><\/div><\/div><\/div>\n","protected":false},"excerpt":{"rendered":"Nace en la ciudad de Monte Cristi, Rep\u00fablica Dominicana, en el a\u00f1o 1986. A la edad 4 a\u00f1os se traslada a la Provincia Monse\u00f1or Nouel, (Bonao). desde muy temprana edad sent\u00eda la vocaci\u00f3n por las artes, y es a los 11 a\u00f1os que ingresa al Centro de Artes Plaza de la Cultura de Bonao. Liderada en su momento por unos&hellip;","protected":false},"author":1,"featured_media":0,"parent":0,"menu_order":0,"comment_status":"closed","ping_status":"closed","template":"","meta":{"footnotes":""},"class_list":["post-439","page","type-page","status-publish","hentry"],"yoast_head":"<!-- This site is optimized with the Yoast SEO plugin v27.1.1 - https:\/\/yoast.com\/product\/yoast-seo-wordpress\/ -->\n<title>Biograf\u00eda | Yan Paez<\/title>\n<meta name=\"description\" content=\"Conoces m\u00e1s sobre la vida y obra del artista dominicano Yan P\u00e1ez. Qui\u00e9n es Yan P\u00e1ez, y cuales son sus creaciones mas recientes.\" \/>\n<meta name=\"robots\" content=\"index, follow, max-snippet:-1, max-image-preview:large, max-video-preview:-1\" \/>\n<link rel=\"canonical\" href=\"https:\/\/www.yanpaez.com\/en\/biografia\/\" \/>\n<meta property=\"og:locale\" content=\"en_US\" \/>\n<meta property=\"og:type\" content=\"article\" \/>\n<meta property=\"og:title\" content=\"Biograf\u00eda | Yan Paez\" \/>\n<meta property=\"og:description\" content=\"Conoces m\u00e1s sobre la vida y obra del artista dominicano Yan P\u00e1ez. Qui\u00e9n es Yan P\u00e1ez, y cuales son sus creaciones mas recientes.\" \/>\n<meta property=\"og:url\" content=\"https:\/\/www.yanpaez.com\/en\/biografia\/\" \/>\n<meta property=\"og:site_name\" content=\"Yan Paez\" \/>\n<meta property=\"article:modified_time\" content=\"2023-02-08T13:43:20+00:00\" \/>\n<meta name=\"twitter:card\" content=\"summary_large_image\" \/>\n<meta name=\"twitter:label1\" content=\"Est. reading time\" \/>\n\t<meta name=\"twitter:data1\" content=\"2 minutes\" \/>\n<script type=\"application\/ld+json\" class=\"yoast-schema-graph\">{\"@context\":\"https:\/\/schema.org\",\"@graph\":[{\"@type\":\"WebPage\",\"@id\":\"https:\/\/www.yanpaez.com\/biografia\/\",\"url\":\"https:\/\/www.yanpaez.com\/biografia\/\",\"name\":\"Biograf\u00eda | Yan Paez\",\"isPartOf\":{\"@id\":\"https:\/\/www.yanpaez.com\/#website\"},\"datePublished\":\"2016-10-06T14:17:54+00:00\",\"dateModified\":\"2023-02-08T13:43:20+00:00\",\"description\":\"Conoces m\u00e1s sobre la vida y obra del artista dominicano Yan P\u00e1ez. Qui\u00e9n es Yan P\u00e1ez, y cuales son sus creaciones mas recientes.\",\"breadcrumb\":{\"@id\":\"https:\/\/www.yanpaez.com\/biografia\/#breadcrumb\"},\"inLanguage\":\"en-US\",\"potentialAction\":[{\"@type\":\"ReadAction\",\"target\":[\"https:\/\/www.yanpaez.com\/biografia\/\"]}]},{\"@type\":\"BreadcrumbList\",\"@id\":\"https:\/\/www.yanpaez.com\/biografia\/#breadcrumb\",\"itemListElement\":[{\"@type\":\"ListItem\",\"position\":1,\"name\":\"Home\",\"item\":\"https:\/\/www.yanpaez.com\/\"},{\"@type\":\"ListItem\",\"position\":2,\"name\":\"Biograf\u00eda\"}]},{\"@type\":\"WebSite\",\"@id\":\"https:\/\/www.yanpaez.com\/#website\",\"url\":\"https:\/\/www.yanpaez.com\/\",\"name\":\"Yan Paez\",\"description\":\"Sitio oficial\",\"publisher\":{\"@id\":\"https:\/\/www.yanpaez.com\/#organization\"},\"potentialAction\":[{\"@type\":\"SearchAction\",\"target\":{\"@type\":\"EntryPoint\",\"urlTemplate\":\"https:\/\/www.yanpaez.com\/?s={search_term_string}\"},\"query-input\":{\"@type\":\"PropertyValueSpecification\",\"valueRequired\":true,\"valueName\":\"search_term_string\"}}],\"inLanguage\":\"en-US\"},{\"@type\":\"Organization\",\"@id\":\"https:\/\/www.yanpaez.com\/#organization\",\"name\":\"Yan Paez\",\"url\":\"https:\/\/www.yanpaez.com\/\",\"logo\":{\"@type\":\"ImageObject\",\"inLanguage\":\"en-US\",\"@id\":\"https:\/\/www.yanpaez.com\/#\/schema\/logo\/image\/\",\"url\":\"https:\/\/www.yanpaez.com\/wp-content\/uploads\/2022\/01\/dorado-logo_a-2x2-n.png\",\"contentUrl\":\"https:\/\/www.yanpaez.com\/wp-content\/uploads\/2022\/01\/dorado-logo_a-2x2-n.png\",\"width\":671,\"height\":671,\"caption\":\"Yan Paez\"},\"image\":{\"@id\":\"https:\/\/www.yanpaez.com\/#\/schema\/logo\/image\/\"}}]}<\/script>\n<!-- \/ Yoast SEO plugin. -->","yoast_head_json":{"title":"Biograf\u00eda | Yan Paez","description":"Conoces m\u00e1s sobre la vida y obra del artista dominicano Yan P\u00e1ez. Qui\u00e9n es Yan P\u00e1ez, y cuales son sus creaciones mas recientes.","robots":{"index":"index","follow":"follow","max-snippet":"max-snippet:-1","max-image-preview":"max-image-preview:large","max-video-preview":"max-video-preview:-1"},"canonical":"https:\/\/www.yanpaez.com\/en\/biografia\/","og_locale":"en_US","og_type":"article","og_title":"Biograf\u00eda | Yan Paez","og_description":"Conoces m\u00e1s sobre la vida y obra del artista dominicano Yan P\u00e1ez. Qui\u00e9n es Yan P\u00e1ez, y cuales son sus creaciones mas recientes.","og_url":"https:\/\/www.yanpaez.com\/en\/biografia\/","og_site_name":"Yan Paez","article_modified_time":"2023-02-08T13:43:20+00:00","twitter_card":"summary_large_image","twitter_misc":{"Est. reading time":"2 minutes"},"schema":{"@context":"https:\/\/schema.org","@graph":[{"@type":"WebPage","@id":"https:\/\/www.yanpaez.com\/biografia\/","url":"https:\/\/www.yanpaez.com\/biografia\/","name":"Biograf\u00eda | Yan Paez","isPartOf":{"@id":"https:\/\/www.yanpaez.com\/#website"},"datePublished":"2016-10-06T14:17:54+00:00","dateModified":"2023-02-08T13:43:20+00:00","description":"Conoces m\u00e1s sobre la vida y obra del artista dominicano Yan P\u00e1ez. Qui\u00e9n es Yan P\u00e1ez, y cuales son sus creaciones mas recientes.","breadcrumb":{"@id":"https:\/\/www.yanpaez.com\/biografia\/#breadcrumb"},"inLanguage":"en-US","potentialAction":[{"@type":"ReadAction","target":["https:\/\/www.yanpaez.com\/biografia\/"]}]},{"@type":"BreadcrumbList","@id":"https:\/\/www.yanpaez.com\/biografia\/#breadcrumb","itemListElement":[{"@type":"ListItem","position":1,"name":"Home","item":"https:\/\/www.yanpaez.com\/"},{"@type":"ListItem","position":2,"name":"Biograf\u00eda"}]},{"@type":"WebSite","@id":"https:\/\/www.yanpaez.com\/#website","url":"https:\/\/www.yanpaez.com\/","name":"Yan Paez","description":"Sitio oficial","publisher":{"@id":"https:\/\/www.yanpaez.com\/#organization"},"potentialAction":[{"@type":"SearchAction","target":{"@type":"EntryPoint","urlTemplate":"https:\/\/www.yanpaez.com\/?s={search_term_string}"},"query-input":{"@type":"PropertyValueSpecification","valueRequired":true,"valueName":"search_term_string"}}],"inLanguage":"en-US"},{"@type":"Organization","@id":"https:\/\/www.yanpaez.com\/#organization","name":"Yan Paez","url":"https:\/\/www.yanpaez.com\/","logo":{"@type":"ImageObject","inLanguage":"en-US","@id":"https:\/\/www.yanpaez.com\/#\/schema\/logo\/image\/","url":"https:\/\/www.yanpaez.com\/wp-content\/uploads\/2022\/01\/dorado-logo_a-2x2-n.png","contentUrl":"https:\/\/www.yanpaez.com\/wp-content\/uploads\/2022\/01\/dorado-logo_a-2x2-n.png","width":671,"height":671,"caption":"Yan Paez"},"image":{"@id":"https:\/\/www.yanpaez.com\/#\/schema\/logo\/image\/"}}]}},"_links":{"self":[{"href":"https:\/\/www.yanpaez.com\/en\/wp-json\/wp\/v2\/pages\/439","targetHints":{"allow":["GET"]}}],"collection":[{"href":"https:\/\/www.yanpaez.com\/en\/wp-json\/wp\/v2\/pages"}],"about":[{"href":"https:\/\/www.yanpaez.com\/en\/wp-json\/wp\/v2\/types\/page"}],"author":[{"embeddable":true,"href":"https:\/\/www.yanpaez.com\/en\/wp-json\/wp\/v2\/users\/1"}],"replies":[{"embeddable":true,"href":"https:\/\/www.yanpaez.com\/en\/wp-json\/wp\/v2\/comments?post=439"}],"version-history":[{"count":0,"href":"https:\/\/www.yanpaez.com\/en\/wp-json\/wp\/v2\/pages\/439\/revisions"}],"wp:attachment":[{"href":"https:\/\/www.yanpaez.com\/en\/wp-json\/wp\/v2\/media?parent=439"}],"curies":[{"name":"wp","href":"https:\/\/api.w.org\/{rel}","templated":true}]}}