{"id":453,"date":"2016-10-06T10:24:08","date_gmt":"2016-10-06T14:24:08","guid":{"rendered":"https:\/\/www.yanpaez.com\/masonry-gallery\/"},"modified":"2023-08-07T18:59:36","modified_gmt":"2023-08-07T22:59:36","slug":"dibujos","status":"publish","type":"page","link":"https:\/\/www.yanpaez.com\/en\/dibujos\/","title":{"rendered":"Drawings"},"content":{"rendered":"<div class=\"vc_row wpb_row vc_row-fluid\"><div class=\"wpb_column vc_column_container vc_col-sm-12\"><div class=\"vc_column-inner\"><div class=\"wpb_wrapper\"><\/div><\/div><\/div><\/div><div class=\"vc_row wpb_row vc_row-fluid\"><div class=\"wpb_column vc_column_container vc_col-sm-12\"><div class=\"vc_column-inner\"><div class=\"wpb_wrapper\">\n<div class=\"vc_grid-container-wrapper vc_clearfix vc_grid-animation-fadeIn\">\n\t<div class=\"vc_grid-container vc_clearfix wpb_content_element vc_media_grid\" data-initial-loading-animation=\"fadeIn\" data-vc-grid-settings=\"{&quot;page_id&quot;:453,&quot;style&quot;:&quot;all&quot;,&quot;action&quot;:&quot;vc_get_vc_grid_data&quot;,&quot;shortcode_id&quot;:&quot;1691449139928-8863e59f-0590-2&quot;,&quot;tag&quot;:&quot;vc_media_grid&quot;}\" data-vc-request=\"https:\/\/www.yanpaez.com\/wp-admin\/admin-ajax.php\" data-vc-post-id=\"453\" data-vc-public-nonce=\"97155efb91\">\n\t\t\n\t<\/div>\n<\/div><div class=\"sc_item_button sc_button_wrap sc_align_center\"><a href=\"https:\/\/www.yanpaez.com\/en\/pinturas\/\"\n\t id=\"sc_button_1805694191\" \n\tclass=\"sc_button sc_button_border  vc_custom_1691449133512 sc_button_size_small sc_button_icon_left\"\n\t\t><span class=\"sc_button_text sc_align_center\"><span class=\"sc_button_title\">Paintings<\/span><\/span><!-- \/.sc_button_text --><\/a><!-- \/.sc_button --><\/div><!-- \/.sc_item_button --><\/div><\/div><\/div><\/div><div class=\"vc_row wpb_row vc_row-fluid\"><div class=\"wpb_column vc_column_container vc_col-sm-12\"><div class=\"vc_column-inner\"><div class=\"wpb_wrapper\"><\/div><\/div><\/div><\/div>","protected":false},"excerpt":{"rendered":"Paintings","protected":false},"author":1,"featured_media":0,"parent":0,"menu_order":0,"comment_status":"closed","ping_status":"closed","template":"","meta":{"footnotes":""},"class_list":["post-453","page","type-page","status-publish","hentry"],"yoast_head":"<!-- This site is optimized with the Yoast SEO plugin v27.1.1 - https:\/\/yoast.com\/product\/yoast-seo-wordpress\/ -->\n<title>Dibujos | Yan Paez<\/title>\n<meta name=\"description\" content=\"Refencia dibuj\u00edstica del artista visual Yan P\u00e1ez. Es un selecci\u00f3n de los dibujos m\u00e1s recientes del artista caribe\u00f1o.\" \/>\n<meta name=\"robots\" content=\"index, follow, max-snippet:-1, max-image-preview:large, max-video-preview:-1\" \/>\n<link rel=\"canonical\" href=\"https:\/\/www.yanpaez.com\/en\/dibujos\/\" \/>\n<meta property=\"og:locale\" content=\"en_US\" \/>\n<meta property=\"og:type\" content=\"article\" \/>\n<meta property=\"og:title\" content=\"Dibujos | Yan Paez\" \/>\n<meta property=\"og:description\" content=\"Refencia dibuj\u00edstica del artista visual Yan P\u00e1ez. Es un selecci\u00f3n de los dibujos m\u00e1s recientes del artista caribe\u00f1o.\" \/>\n<meta property=\"og:url\" content=\"https:\/\/www.yanpaez.com\/en\/dibujos\/\" \/>\n<meta property=\"og:site_name\" content=\"Yan Paez\" \/>\n<meta property=\"article:modified_time\" content=\"2023-08-07T22:59:36+00:00\" \/>\n<meta name=\"twitter:card\" content=\"summary_large_image\" \/>\n<meta name=\"twitter:label1\" content=\"Est. reading time\" \/>\n\t<meta name=\"twitter:data1\" content=\"1 minute\" \/>\n<script type=\"application\/ld+json\" class=\"yoast-schema-graph\">{\"@context\":\"https:\/\/schema.org\",\"@graph\":[{\"@type\":\"WebPage\",\"@id\":\"https:\/\/www.yanpaez.com\/dibujos\/\",\"url\":\"https:\/\/www.yanpaez.com\/dibujos\/\",\"name\":\"Dibujos | Yan Paez\",\"isPartOf\":{\"@id\":\"https:\/\/www.yanpaez.com\/#website\"},\"datePublished\":\"2016-10-06T14:24:08+00:00\",\"dateModified\":\"2023-08-07T22:59:36+00:00\",\"description\":\"Refencia dibuj\u00edstica del artista visual Yan P\u00e1ez. Es un selecci\u00f3n de los dibujos m\u00e1s recientes del artista caribe\u00f1o.\",\"breadcrumb\":{\"@id\":\"https:\/\/www.yanpaez.com\/dibujos\/#breadcrumb\"},\"inLanguage\":\"en-US\",\"potentialAction\":[{\"@type\":\"ReadAction\",\"target\":[\"https:\/\/www.yanpaez.com\/dibujos\/\"]}]},{\"@type\":\"BreadcrumbList\",\"@id\":\"https:\/\/www.yanpaez.com\/dibujos\/#breadcrumb\",\"itemListElement\":[{\"@type\":\"ListItem\",\"position\":1,\"name\":\"Home\",\"item\":\"https:\/\/www.yanpaez.com\/\"},{\"@type\":\"ListItem\",\"position\":2,\"name\":\"Dibujos\"}]},{\"@type\":\"WebSite\",\"@id\":\"https:\/\/www.yanpaez.com\/#website\",\"url\":\"https:\/\/www.yanpaez.com\/\",\"name\":\"Yan Paez\",\"description\":\"Sitio oficial\",\"publisher\":{\"@id\":\"https:\/\/www.yanpaez.com\/#organization\"},\"potentialAction\":[{\"@type\":\"SearchAction\",\"target\":{\"@type\":\"EntryPoint\",\"urlTemplate\":\"https:\/\/www.yanpaez.com\/?s={search_term_string}\"},\"query-input\":{\"@type\":\"PropertyValueSpecification\",\"valueRequired\":true,\"valueName\":\"search_term_string\"}}],\"inLanguage\":\"en-US\"},{\"@type\":\"Organization\",\"@id\":\"https:\/\/www.yanpaez.com\/#organization\",\"name\":\"Yan Paez\",\"url\":\"https:\/\/www.yanpaez.com\/\",\"logo\":{\"@type\":\"ImageObject\",\"inLanguage\":\"en-US\",\"@id\":\"https:\/\/www.yanpaez.com\/#\/schema\/logo\/image\/\",\"url\":\"https:\/\/www.yanpaez.com\/wp-content\/uploads\/2022\/01\/dorado-logo_a-2x2-n.png\",\"contentUrl\":\"https:\/\/www.yanpaez.com\/wp-content\/uploads\/2022\/01\/dorado-logo_a-2x2-n.png\",\"width\":671,\"height\":671,\"caption\":\"Yan Paez\"},\"image\":{\"@id\":\"https:\/\/www.yanpaez.com\/#\/schema\/logo\/image\/\"}}]}<\/script>\n<!-- \/ Yoast SEO plugin. -->","yoast_head_json":{"title":"Dibujos | Yan Paez","description":"Refencia dibuj\u00edstica del artista visual Yan P\u00e1ez. Es un selecci\u00f3n de los dibujos m\u00e1s recientes del artista caribe\u00f1o.","robots":{"index":"index","follow":"follow","max-snippet":"max-snippet:-1","max-image-preview":"max-image-preview:large","max-video-preview":"max-video-preview:-1"},"canonical":"https:\/\/www.yanpaez.com\/en\/dibujos\/","og_locale":"en_US","og_type":"article","og_title":"Dibujos | Yan Paez","og_description":"Refencia dibuj\u00edstica del artista visual Yan P\u00e1ez. Es un selecci\u00f3n de los dibujos m\u00e1s recientes del artista caribe\u00f1o.","og_url":"https:\/\/www.yanpaez.com\/en\/dibujos\/","og_site_name":"Yan Paez","article_modified_time":"2023-08-07T22:59:36+00:00","twitter_card":"summary_large_image","twitter_misc":{"Est. reading time":"1 minute"},"schema":{"@context":"https:\/\/schema.org","@graph":[{"@type":"WebPage","@id":"https:\/\/www.yanpaez.com\/dibujos\/","url":"https:\/\/www.yanpaez.com\/dibujos\/","name":"Dibujos | Yan Paez","isPartOf":{"@id":"https:\/\/www.yanpaez.com\/#website"},"datePublished":"2016-10-06T14:24:08+00:00","dateModified":"2023-08-07T22:59:36+00:00","description":"Refencia dibuj\u00edstica del artista visual Yan P\u00e1ez. Es un selecci\u00f3n de los dibujos m\u00e1s recientes del artista caribe\u00f1o.","breadcrumb":{"@id":"https:\/\/www.yanpaez.com\/dibujos\/#breadcrumb"},"inLanguage":"en-US","potentialAction":[{"@type":"ReadAction","target":["https:\/\/www.yanpaez.com\/dibujos\/"]}]},{"@type":"BreadcrumbList","@id":"https:\/\/www.yanpaez.com\/dibujos\/#breadcrumb","itemListElement":[{"@type":"ListItem","position":1,"name":"Home","item":"https:\/\/www.yanpaez.com\/"},{"@type":"ListItem","position":2,"name":"Dibujos"}]},{"@type":"WebSite","@id":"https:\/\/www.yanpaez.com\/#website","url":"https:\/\/www.yanpaez.com\/","name":"Yan Paez","description":"Sitio oficial","publisher":{"@id":"https:\/\/www.yanpaez.com\/#organization"},"potentialAction":[{"@type":"SearchAction","target":{"@type":"EntryPoint","urlTemplate":"https:\/\/www.yanpaez.com\/?s={search_term_string}"},"query-input":{"@type":"PropertyValueSpecification","valueRequired":true,"valueName":"search_term_string"}}],"inLanguage":"en-US"},{"@type":"Organization","@id":"https:\/\/www.yanpaez.com\/#organization","name":"Yan Paez","url":"https:\/\/www.yanpaez.com\/","logo":{"@type":"ImageObject","inLanguage":"en-US","@id":"https:\/\/www.yanpaez.com\/#\/schema\/logo\/image\/","url":"https:\/\/www.yanpaez.com\/wp-content\/uploads\/2022\/01\/dorado-logo_a-2x2-n.png","contentUrl":"https:\/\/www.yanpaez.com\/wp-content\/uploads\/2022\/01\/dorado-logo_a-2x2-n.png","width":671,"height":671,"caption":"Yan Paez"},"image":{"@id":"https:\/\/www.yanpaez.com\/#\/schema\/logo\/image\/"}}]}},"_links":{"self":[{"href":"https:\/\/www.yanpaez.com\/en\/wp-json\/wp\/v2\/pages\/453","targetHints":{"allow":["GET"]}}],"collection":[{"href":"https:\/\/www.yanpaez.com\/en\/wp-json\/wp\/v2\/pages"}],"about":[{"href":"https:\/\/www.yanpaez.com\/en\/wp-json\/wp\/v2\/types\/page"}],"author":[{"embeddable":true,"href":"https:\/\/www.yanpaez.com\/en\/wp-json\/wp\/v2\/users\/1"}],"replies":[{"embeddable":true,"href":"https:\/\/www.yanpaez.com\/en\/wp-json\/wp\/v2\/comments?post=453"}],"version-history":[{"count":0,"href":"https:\/\/www.yanpaez.com\/en\/wp-json\/wp\/v2\/pages\/453\/revisions"}],"wp:attachment":[{"href":"https:\/\/www.yanpaez.com\/en\/wp-json\/wp\/v2\/media?parent=453"}],"curies":[{"name":"wp","href":"https:\/\/api.w.org\/{rel}","templated":true}]}}