{"id":454,"date":"2016-10-06T10:24:21","date_gmt":"2016-10-06T14:24:21","guid":{"rendered":"https:\/\/www.yanpaez.com\/cobbles-gallery\/"},"modified":"2025-07-14T20:32:03","modified_gmt":"2025-07-15T00:32:03","slug":"exhibiciones","status":"publish","type":"page","link":"https:\/\/www.yanpaez.com\/en\/exhibiciones\/","title":{"rendered":"Exhibitions"},"content":{"rendered":"<div data-vc-full-width=\"true\" data-vc-full-width-init=\"false\" data-vc-stretch-content=\"true\" class=\"vc_row wpb_row vc_row-fluid\"><div class=\"wpb_column vc_column_container vc_col-sm-6\"><div class=\"vc_column-inner\"><div class=\"wpb_wrapper\">\n\t<div  class=\"wpb_single_image wpb_content_element vc_align_left\">\n\t\t\n\t\t<figure class=\"wpb_wrapper vc_figure\">\n\t\t\t<a class=\"\" data-lightbox=\"lightbox[rel-454-3731846582]\" href=\"https:\/\/www.yanpaez.com\/wp-content\/uploads\/2021\/11\/IMG_4457-2-1024x768.jpg\" target=\"_self\" class=\"vc_single_image-wrapper   vc_box_border_grey\"><img loading=\"lazy\" decoding=\"async\" class=\"vc_single_image-img \" src=\"https:\/\/www.yanpaez.com\/wp-content\/uploads\/2021\/11\/IMG_4457-2-800x600.jpg\" width=\"800\" height=\"600\" alt=\"IMG_4457 2\" title=\"IMG_4457 2\" \/><\/a>\n\t\t<\/figure>\n\t<\/div>\n<\/div><\/div><\/div><div class=\"wpb_column vc_column_container vc_col-sm-6\"><div class=\"vc_column-inner vc_custom_1636516695072\"><div class=\"wpb_wrapper\"><div class=\"vc_empty_space  height_tiny\"   style=\"height: 32px\"><span class=\"vc_empty_space_inner\"><\/span><\/div>\n\t<div class=\"wpb_text_column wpb_content_element  vc_custom_1636517943372\" >\n\t\t<div class=\"wpb_wrapper\">\n\t\t\t<h4 style=\"text-align: left;\"><span style=\"color: #ff6600;\">\u00a0 \u00a0 \u00a0 \u00a0 \u00a0 \u00a0 \u00a0 \u00a0 \u00a0 \u00a0 \u00a0 \u00a0 Individuales<\/span><\/h4>\n\n\t\t<\/div>\n\t<\/div>\n\n\t<div class=\"wpb_text_column wpb_content_element \" >\n\t\t<div class=\"wpb_wrapper\">\n\t\t\t<h4 style=\"text-align: center;\"><\/h4>\n<p>&nbsp;<\/p>\n<p>2009 &#8211; Ninfas de la mar Sonora, Galer\u00eda de Arte Joven, Bonao, R.D.<\/p>\n<p>2011 &#8211; Fantas\u00eda de la Memoria, Galer\u00eda de Arte Joven, Bonao, R.D.<\/p>\n<p>2013 &#8211; Deidades del Caribe, Galer\u00eda Guat\u00edbiri, San Juan, Puerto Rico.<\/p>\n<p>2014 \u2013 Mujeres del Caribe, Galer\u00eda Mesa Fine Art, Santo Domingo. R.D.<\/p>\n<p>2014 &#8211; Natura Surreal, Galer\u00eda Guat\u00edbiri, San Juan, Puerto Rico.<\/p>\n<p>2017 \u2013 Antolog\u00eda de mi Femineidad, Pabell\u00f3n Ministerio de Turismo, Jarabacoa, R.D.<\/p>\n<p>2018 &#8211; Faros de Esperanza, Plaza las Am\u00e9rica, Casa de las Diligencias, UAEM, Toluca, M\u00e9xico.<\/p>\n<p>2019 &#8211; Bajo el velo de un Romance, Galer\u00eda san juan bautista, San juan, Puerto rico.<\/p>\n<p>&#8211; Bajo el velo de un Romance, Comisionado Dominicano de Cultura en USA , N.Y., Estados Unidos.<\/p>\n<p>2024 &#8211; Afrodescendencia del Caribe, Organizaci\u00f3n de los Estados Americanos (OEA), Washington D.C. Estados Unidos.<\/p>\n<p>&#8211; Casa de la Embajada de la Rep\u00fablica Dominicana en Washington D.C. Estados Unidos.<\/p>\n\n\t\t<\/div>\n\t<\/div>\n<div class=\"vc_empty_space  height_tiny\"   style=\"height: 40px\"><span class=\"vc_empty_space_inner\"><\/span><\/div><div class=\"vc_empty_space  height_tiny\"   style=\"height: 40px\"><span class=\"vc_empty_space_inner\"><\/span><\/div><\/div><\/div><\/div><\/div><div class=\"vc_row-full-width vc_clearfix\"><\/div><div data-vc-full-width=\"true\" data-vc-full-width-init=\"false\" data-vc-stretch-content=\"true\" class=\"vc_row wpb_row vc_row-fluid\"><div class=\"wpb_column vc_column_container vc_col-sm-6\"><div class=\"vc_column-inner vc_custom_1636517548711\"><div class=\"wpb_wrapper\">\n\t<div class=\"wpb_text_column wpb_content_element  vc_custom_1636519049213\" >\n\t\t<div class=\"wpb_wrapper\">\n\t\t\t<h4><span style=\"color: #ff6600;\">\u00a0 \u00a0 \u00a0 \u00a0 \u00a0 \u00a0 \u00a0 \u00a0 \u00a0 \u00a0 \u00a0 \u00a0 Colectivas:<\/span><\/h4>\n\n\t\t<\/div>\n\t<\/div>\n\n\t<div class=\"wpb_text_column wpb_content_element \" >\n\t\t<div class=\"wpb_wrapper\">\n\t\t\t<h4><\/h4>\n<p>&nbsp;<\/p>\n<p>2000 &#8211; Expo- Itinerante Pinceladas al Campo, Instituto Agrario Dominicano (IAD), (Menci\u00f3n de<\/p>\n<p>Honor), Santiago \u2013 Bonao, R.D.<\/p>\n<p>2001 &#8211; Pintura Joven, Casa de Teatro. Santo Domingo, R.D.<\/p>\n<p>2002 &#8211; Instalaci\u00f3n El Apag\u00f3n, Plaza de la Cultura de Bonao, R.D.<\/p>\n<p>2003 &#8211; Instalaci\u00f3n Crucifixi\u00f3n de Jesuscristo, Plaza de la Cultura de Bonao, R.D.<\/p>\n<p>2004 &#8211; Premio Pintura Joven, Casa de Teatro, Santo Domingo, R.D.<\/p>\n<p>2006 &#8211; Graf\u00eda Bonao, Museo C\u00e1ndido Bid\u00f3, Bonao. R.D.<\/p>\n<p>2006 &#8211; Junta Agro Empresarial, Santo Domingo. R.D.<\/p>\n<p>2007 &#8211; H\u00e9roes Latinoamericanos, Embajada de Venezuela, Santo Domingo, R.D.<\/p>\n<p>2007 &#8211; Artistas de Bonao, gobernaci\u00f3n provincial de Salcedo, R.D.<\/p>\n<p>2007 &#8211; Ocho de Bonao, Ministerio de Cultura, Sala Ram\u00f3n Oviedo, Santo Domingo, R.D.<\/p>\n<p>2007 &#8211; Junta Agro Empresarial, Santo Domingo, R.D.<\/p>\n<p>2008 &#8211; Expo- Itinerante Bonao Tierra de Colores, Embajada de Francia, Santo Domingo, R.D.<\/p>\n<p>2010 &#8211; Spectrum, G-20 Lounge Restaurant, Oasis Mall, Bonao, R.D.<\/p>\n<p>2011 &#8211; Los Valores, Palacio de Bellas Artes, Santo Domingo, R.D.<\/p>\n<p>2012 &#8211; Expo- Itinerante Equipaje Compartido, Galer\u00eda Guat\u00edbiri, San Juan, Puerto Rico Y Galer\u00eda<\/p>\n<p>Nacional de Bellas Artes, R.D.<\/p>\n<p>2013 &#8211; Ladrillos de Oro, Venue Ganesha Outdoor Room, New York, Estados Unidos.<\/p>\n<p>2015 &#8211; Antolog\u00eda Azul, Expo Itinerante, Galer\u00eda Guat\u00edbiri, San Juan, Puerto Rico Y Museo C\u00e1ndido Bid\u00f3,<\/p>\n<p>Bonao R.D.<\/p>\n<p>2019 &#8211; Cavda de Esta Patria , Museo C\u00e1ndido Bid\u00f3, Bonao, R.D.<\/p>\n\n\t\t<\/div>\n\t<\/div>\n<\/div><\/div><\/div><div class=\"wpb_column vc_column_container vc_col-sm-6\"><div class=\"vc_column-inner\"><div class=\"wpb_wrapper\"><div class=\"vc_empty_space  height_tiny\"   style=\"height: 40px\"><span class=\"vc_empty_space_inner\"><\/span><\/div>\n\t<div  class=\"wpb_single_image wpb_content_element vc_align_left\">\n\t\t\n\t\t<figure class=\"wpb_wrapper vc_figure\">\n\t\t\t<div class=\"vc_single_image-wrapper   vc_box_border_grey\"><img loading=\"lazy\" decoding=\"async\" class=\"vc_single_image-img \" src=\"https:\/\/www.yanpaez.com\/wp-content\/uploads\/2021\/11\/IMG_4455-2-800x600.jpg\" width=\"800\" height=\"600\" alt=\"IMG_4455 2\" title=\"IMG_4455 2\" \/><\/div>\n\t\t<\/figure>\n\t<\/div>\n<div class=\"vc_empty_space  height_tiny\"   style=\"height: 32px\"><span class=\"vc_empty_space_inner\"><\/span><\/div><div class=\"vc_empty_space  height_tiny\"   style=\"height: 40px\"><span class=\"vc_empty_space_inner\"><\/span><\/div>\n\t<div  class=\"wpb_single_image wpb_content_element vc_align_left\">\n\t\t\n\t\t<figure class=\"wpb_wrapper vc_figure\">\n\t\t\t<div class=\"vc_single_image-wrapper   vc_box_border_grey\"><img loading=\"lazy\" decoding=\"async\" width=\"1000\" height=\"443\" src=\"https:\/\/www.yanpaez.com\/wp-content\/uploads\/2021\/11\/font-we.jpg\" class=\"vc_single_image-img attachment-full\" alt=\"\" srcset=\"https:\/\/www.yanpaez.com\/wp-content\/uploads\/2021\/11\/font-we.jpg 1000w, https:\/\/www.yanpaez.com\/wp-content\/uploads\/2021\/11\/font-we-600x266.jpg 600w, https:\/\/www.yanpaez.com\/wp-content\/uploads\/2021\/11\/font-we-300x133.jpg 300w, https:\/\/www.yanpaez.com\/wp-content\/uploads\/2021\/11\/font-we-768x340.jpg 768w, https:\/\/www.yanpaez.com\/wp-content\/uploads\/2021\/11\/font-we-370x164.jpg 370w, https:\/\/www.yanpaez.com\/wp-content\/uploads\/2021\/11\/font-we-770x341.jpg 770w\" sizes=\"auto, (max-width: 1000px) 100vw, 1000px\" \/><\/div>\n\t\t<\/figure>\n\t<\/div>\n<\/div><\/div><\/div><\/div><div class=\"vc_row-full-width vc_clearfix\"><\/div>\n","protected":false},"excerpt":{"rendered":"\u00a0 \u00a0 \u00a0 \u00a0 \u00a0 \u00a0 \u00a0 \u00a0 \u00a0 \u00a0 \u00a0 \u00a0 Individuales &nbsp; 2009 - Ninfas de la mar Sonora, Galer\u00eda de Arte Joven, Bonao, R.D. 2011 - Fantas\u00eda de la Memoria, Galer\u00eda de Arte Joven, Bonao, R.D. 2013 - Deidades del Caribe, Galer\u00eda Guat\u00edbiri, San Juan, Puerto Rico. 2014 \u2013 Mujeres del Caribe, Galer\u00eda Mesa Fine Art, Santo&hellip;","protected":false},"author":1,"featured_media":0,"parent":0,"menu_order":0,"comment_status":"closed","ping_status":"closed","template":"","meta":{"footnotes":""},"class_list":["post-454","page","type-page","status-publish","hentry"],"yoast_head":"<!-- This site is optimized with the Yoast SEO plugin v27.1.1 - https:\/\/yoast.com\/product\/yoast-seo-wordpress\/ -->\n<title>Exhibiciones | Yan Paez<\/title>\n<meta name=\"robots\" content=\"index, follow, max-snippet:-1, max-image-preview:large, max-video-preview:-1\" \/>\n<link rel=\"canonical\" href=\"https:\/\/www.yanpaez.com\/en\/exhibiciones\/\" \/>\n<meta property=\"og:locale\" content=\"en_US\" \/>\n<meta property=\"og:type\" content=\"article\" \/>\n<meta property=\"og:title\" content=\"Exhibiciones | Yan Paez\" \/>\n<meta property=\"og:url\" content=\"https:\/\/www.yanpaez.com\/en\/exhibiciones\/\" \/>\n<meta property=\"og:site_name\" content=\"Yan Paez\" \/>\n<meta property=\"article:modified_time\" content=\"2025-07-15T00:32:03+00:00\" \/>\n<meta name=\"twitter:card\" content=\"summary_large_image\" \/>\n<meta name=\"twitter:label1\" content=\"Est. reading time\" \/>\n\t<meta name=\"twitter:data1\" content=\"3 minutes\" \/>\n<script type=\"application\/ld+json\" class=\"yoast-schema-graph\">{\"@context\":\"https:\/\/schema.org\",\"@graph\":[{\"@type\":\"WebPage\",\"@id\":\"https:\/\/www.yanpaez.com\/exhibiciones\/\",\"url\":\"https:\/\/www.yanpaez.com\/exhibiciones\/\",\"name\":\"Exhibiciones | Yan Paez\",\"isPartOf\":{\"@id\":\"https:\/\/www.yanpaez.com\/#website\"},\"datePublished\":\"2016-10-06T14:24:21+00:00\",\"dateModified\":\"2025-07-15T00:32:03+00:00\",\"breadcrumb\":{\"@id\":\"https:\/\/www.yanpaez.com\/exhibiciones\/#breadcrumb\"},\"inLanguage\":\"en-US\",\"potentialAction\":[{\"@type\":\"ReadAction\",\"target\":[\"https:\/\/www.yanpaez.com\/exhibiciones\/\"]}]},{\"@type\":\"BreadcrumbList\",\"@id\":\"https:\/\/www.yanpaez.com\/exhibiciones\/#breadcrumb\",\"itemListElement\":[{\"@type\":\"ListItem\",\"position\":1,\"name\":\"Home\",\"item\":\"https:\/\/www.yanpaez.com\/\"},{\"@type\":\"ListItem\",\"position\":2,\"name\":\"Exhibiciones\"}]},{\"@type\":\"WebSite\",\"@id\":\"https:\/\/www.yanpaez.com\/#website\",\"url\":\"https:\/\/www.yanpaez.com\/\",\"name\":\"Yan Paez\",\"description\":\"Sitio oficial\",\"publisher\":{\"@id\":\"https:\/\/www.yanpaez.com\/#organization\"},\"potentialAction\":[{\"@type\":\"SearchAction\",\"target\":{\"@type\":\"EntryPoint\",\"urlTemplate\":\"https:\/\/www.yanpaez.com\/?s={search_term_string}\"},\"query-input\":{\"@type\":\"PropertyValueSpecification\",\"valueRequired\":true,\"valueName\":\"search_term_string\"}}],\"inLanguage\":\"en-US\"},{\"@type\":\"Organization\",\"@id\":\"https:\/\/www.yanpaez.com\/#organization\",\"name\":\"Yan Paez\",\"url\":\"https:\/\/www.yanpaez.com\/\",\"logo\":{\"@type\":\"ImageObject\",\"inLanguage\":\"en-US\",\"@id\":\"https:\/\/www.yanpaez.com\/#\/schema\/logo\/image\/\",\"url\":\"https:\/\/www.yanpaez.com\/wp-content\/uploads\/2022\/01\/dorado-logo_a-2x2-n.png\",\"contentUrl\":\"https:\/\/www.yanpaez.com\/wp-content\/uploads\/2022\/01\/dorado-logo_a-2x2-n.png\",\"width\":671,\"height\":671,\"caption\":\"Yan Paez\"},\"image\":{\"@id\":\"https:\/\/www.yanpaez.com\/#\/schema\/logo\/image\/\"}}]}<\/script>\n<!-- \/ Yoast SEO plugin. -->","yoast_head_json":{"title":"Exhibiciones | Yan Paez","robots":{"index":"index","follow":"follow","max-snippet":"max-snippet:-1","max-image-preview":"max-image-preview:large","max-video-preview":"max-video-preview:-1"},"canonical":"https:\/\/www.yanpaez.com\/en\/exhibiciones\/","og_locale":"en_US","og_type":"article","og_title":"Exhibiciones | Yan Paez","og_url":"https:\/\/www.yanpaez.com\/en\/exhibiciones\/","og_site_name":"Yan Paez","article_modified_time":"2025-07-15T00:32:03+00:00","twitter_card":"summary_large_image","twitter_misc":{"Est. reading time":"3 minutes"},"schema":{"@context":"https:\/\/schema.org","@graph":[{"@type":"WebPage","@id":"https:\/\/www.yanpaez.com\/exhibiciones\/","url":"https:\/\/www.yanpaez.com\/exhibiciones\/","name":"Exhibiciones | Yan Paez","isPartOf":{"@id":"https:\/\/www.yanpaez.com\/#website"},"datePublished":"2016-10-06T14:24:21+00:00","dateModified":"2025-07-15T00:32:03+00:00","breadcrumb":{"@id":"https:\/\/www.yanpaez.com\/exhibiciones\/#breadcrumb"},"inLanguage":"en-US","potentialAction":[{"@type":"ReadAction","target":["https:\/\/www.yanpaez.com\/exhibiciones\/"]}]},{"@type":"BreadcrumbList","@id":"https:\/\/www.yanpaez.com\/exhibiciones\/#breadcrumb","itemListElement":[{"@type":"ListItem","position":1,"name":"Home","item":"https:\/\/www.yanpaez.com\/"},{"@type":"ListItem","position":2,"name":"Exhibiciones"}]},{"@type":"WebSite","@id":"https:\/\/www.yanpaez.com\/#website","url":"https:\/\/www.yanpaez.com\/","name":"Yan Paez","description":"Sitio oficial","publisher":{"@id":"https:\/\/www.yanpaez.com\/#organization"},"potentialAction":[{"@type":"SearchAction","target":{"@type":"EntryPoint","urlTemplate":"https:\/\/www.yanpaez.com\/?s={search_term_string}"},"query-input":{"@type":"PropertyValueSpecification","valueRequired":true,"valueName":"search_term_string"}}],"inLanguage":"en-US"},{"@type":"Organization","@id":"https:\/\/www.yanpaez.com\/#organization","name":"Yan Paez","url":"https:\/\/www.yanpaez.com\/","logo":{"@type":"ImageObject","inLanguage":"en-US","@id":"https:\/\/www.yanpaez.com\/#\/schema\/logo\/image\/","url":"https:\/\/www.yanpaez.com\/wp-content\/uploads\/2022\/01\/dorado-logo_a-2x2-n.png","contentUrl":"https:\/\/www.yanpaez.com\/wp-content\/uploads\/2022\/01\/dorado-logo_a-2x2-n.png","width":671,"height":671,"caption":"Yan Paez"},"image":{"@id":"https:\/\/www.yanpaez.com\/#\/schema\/logo\/image\/"}}]}},"_links":{"self":[{"href":"https:\/\/www.yanpaez.com\/en\/wp-json\/wp\/v2\/pages\/454","targetHints":{"allow":["GET"]}}],"collection":[{"href":"https:\/\/www.yanpaez.com\/en\/wp-json\/wp\/v2\/pages"}],"about":[{"href":"https:\/\/www.yanpaez.com\/en\/wp-json\/wp\/v2\/types\/page"}],"author":[{"embeddable":true,"href":"https:\/\/www.yanpaez.com\/en\/wp-json\/wp\/v2\/users\/1"}],"replies":[{"embeddable":true,"href":"https:\/\/www.yanpaez.com\/en\/wp-json\/wp\/v2\/comments?post=454"}],"version-history":[{"count":0,"href":"https:\/\/www.yanpaez.com\/en\/wp-json\/wp\/v2\/pages\/454\/revisions"}],"wp:attachment":[{"href":"https:\/\/www.yanpaez.com\/en\/wp-json\/wp\/v2\/media?parent=454"}],"curies":[{"name":"wp","href":"https:\/\/api.w.org\/{rel}","templated":true}]}}