{"id":633,"date":"2016-10-06T10:23:59","date_gmt":"2016-10-06T10:23:59","guid":{"rendered":"https:\/\/www.yanpaez.com\/even-gallery\/"},"modified":"2025-07-14T21:40:33","modified_gmt":"2025-07-15T01:40:33","slug":"colaboraciones","status":"publish","type":"page","link":"https:\/\/www.yanpaez.com\/en\/colaboraciones\/","title":{"rendered":"Colaboraciones"},"content":{"rendered":"<div class=\"vc_row wpb_row vc_row-fluid\"><div class=\"wpb_column vc_column_container vc_col-sm-12\"><div class=\"vc_column-inner\"><div class=\"wpb_wrapper\"><div class=\"vc_empty_space  height_tiny\"   style=\"height: 32px\"><span class=\"vc_empty_space_inner\"><\/span><\/div><\/div><\/div><\/div><div class=\"wpb_column vc_column_container vc_col-sm-12\"><div class=\"vc_column-inner\"><div class=\"wpb_wrapper\"><div class=\"wpb_layerslider_element wpb_content_element\"><script type=\"text\/javascript\">jQuery(function() { _initLayerSlider( '#layerslider_6_1aryh2ppopltk', {createdWith: '6.11.6', sliderVersion: '6.11.6', skin: 'v6', skinsPath: 'https:\/\/www.yanpaez.com\/wp-content\/plugins\/LayerSlider\/assets\/static\/layerslider\/skins\/'}); });<\/script><div id=\"layerslider_6_1aryh2ppopltk\" class=\"ls-wp-container fitvidsignore\" style=\"width:1280px;height:720px;margin:0 auto;margin-bottom: 0px;\"><div class=\"ls-slide\" data-ls=\"bgcolor:#030303;duration:6000;transition2d:5;kenburnsscale:1.2;parallaxtype:3d;\"><img decoding=\"async\" src=\"https:\/\/www.yanpaez.com\/colaboraciones\/\" class=\"ls-tn\" alt=\"Slide thumbnail\" \/><img loading=\"lazy\" decoding=\"async\" width=\"1073\" height=\"2202\" src=\"https:\/\/www.yanpaez.com\/wp-content\/uploads\/2024\/03\/MFW-24-R2.jpg\" class=\"ls-l\" alt=\"\" srcset=\"https:\/\/www.yanpaez.com\/wp-content\/uploads\/2024\/03\/MFW-24-R2.jpg 1073w, https:\/\/www.yanpaez.com\/wp-content\/uploads\/2024\/03\/MFW-24-R2-146x300.jpg 146w, https:\/\/www.yanpaez.com\/wp-content\/uploads\/2024\/03\/MFW-24-R2-499x1024.jpg 499w, https:\/\/www.yanpaez.com\/wp-content\/uploads\/2024\/03\/MFW-24-R2-768x1576.jpg 768w, https:\/\/www.yanpaez.com\/wp-content\/uploads\/2024\/03\/MFW-24-R2-748x1536.jpg 748w, https:\/\/www.yanpaez.com\/wp-content\/uploads\/2024\/03\/MFW-24-R2-998x2048.jpg 998w, https:\/\/www.yanpaez.com\/wp-content\/uploads\/2024\/03\/MFW-24-R2-6x12.jpg 6w, https:\/\/www.yanpaez.com\/wp-content\/uploads\/2024\/03\/MFW-24-R2-370x759.jpg 370w, https:\/\/www.yanpaez.com\/wp-content\/uploads\/2024\/03\/MFW-24-R2-770x1580.jpg 770w, https:\/\/www.yanpaez.com\/wp-content\/uploads\/2024\/03\/MFW-24-R2-740x1519.jpg 740w, https:\/\/www.yanpaez.com\/wp-content\/uploads\/2024\/03\/MFW-24-R2-600x1231.jpg 600w\" sizes=\"auto, (max-width: 1073px) 100vw, 1073px\" style=\"top:96px;left:981px;background-size:inherit;background-position:inherit;width:288px;height:545px;\" data-ls=\"texttransitionin:true;texttypein:chars_asc;hover:true;hoverdurationin:4000;\"><img loading=\"lazy\" decoding=\"async\" width=\"802\" height=\"1367\" src=\"https:\/\/www.yanpaez.com\/wp-content\/uploads\/2024\/03\/we-761A.jpg\" class=\"ls-l\" alt=\"\" srcset=\"https:\/\/www.yanpaez.com\/wp-content\/uploads\/2024\/03\/we-761A.jpg 802w, https:\/\/www.yanpaez.com\/wp-content\/uploads\/2024\/03\/we-761A-176x300.jpg 176w, https:\/\/www.yanpaez.com\/wp-content\/uploads\/2024\/03\/we-761A-601x1024.jpg 601w, https:\/\/www.yanpaez.com\/wp-content\/uploads\/2024\/03\/we-761A-768x1309.jpg 768w, https:\/\/www.yanpaez.com\/wp-content\/uploads\/2024\/03\/we-761A-7x12.jpg 7w, https:\/\/www.yanpaez.com\/wp-content\/uploads\/2024\/03\/we-761A-370x631.jpg 370w, https:\/\/www.yanpaez.com\/wp-content\/uploads\/2024\/03\/we-761A-770x1312.jpg 770w, https:\/\/www.yanpaez.com\/wp-content\/uploads\/2024\/03\/we-761A-740x1261.jpg 740w, https:\/\/www.yanpaez.com\/wp-content\/uploads\/2024\/03\/we-761A-600x1023.jpg 600w\" sizes=\"auto, (max-width: 802px) 100vw, 802px\" style=\"top:95px;left:655px;background-size:inherit;background-position:inherit;width:319px;height:546px;\" data-ls=\"offsetyin:top;durationin:5000;texttransitionin:true;texttypein:chars_asc;textdurationin:600;textstartatin:transitioninstart + 0;hover:true;\"><img loading=\"lazy\" decoding=\"async\" width=\"1310\" height=\"2049\" src=\"https:\/\/www.yanpaez.com\/wp-content\/uploads\/2024\/03\/MFW-24-r1.jpg\" class=\"ls-l\" alt=\"\" srcset=\"https:\/\/www.yanpaez.com\/wp-content\/uploads\/2024\/03\/MFW-24-r1.jpg 1310w, https:\/\/www.yanpaez.com\/wp-content\/uploads\/2024\/03\/MFW-24-r1-192x300.jpg 192w, https:\/\/www.yanpaez.com\/wp-content\/uploads\/2024\/03\/MFW-24-r1-655x1024.jpg 655w, https:\/\/www.yanpaez.com\/wp-content\/uploads\/2024\/03\/MFW-24-r1-768x1201.jpg 768w, https:\/\/www.yanpaez.com\/wp-content\/uploads\/2024\/03\/MFW-24-r1-982x1536.jpg 982w, https:\/\/www.yanpaez.com\/wp-content\/uploads\/2024\/03\/MFW-24-r1-8x12.jpg 8w, https:\/\/www.yanpaez.com\/wp-content\/uploads\/2024\/03\/MFW-24-r1-370x579.jpg 370w, https:\/\/www.yanpaez.com\/wp-content\/uploads\/2024\/03\/MFW-24-r1-770x1204.jpg 770w, https:\/\/www.yanpaez.com\/wp-content\/uploads\/2024\/03\/MFW-24-r1-740x1157.jpg 740w, https:\/\/www.yanpaez.com\/wp-content\/uploads\/2024\/03\/MFW-24-r1-600x938.jpg 600w\" sizes=\"auto, (max-width: 1310px) 100vw, 1310px\" style=\"top:96px;left:7px;background-size:inherit;background-position:inherit;width:333px;height:537px;\" data-ls=\"offsetyin:bottom;durationin:5000;texttransitionin:true;texttypein:chars_asc;textdurationin:800;textstartatin:transitioninstart + 0;\"><img loading=\"lazy\" decoding=\"async\" width=\"1185\" height=\"2187\" src=\"https:\/\/www.yanpaez.com\/wp-content\/uploads\/2024\/03\/mFW-24.jpg\" class=\"ls-l\" alt=\"\" srcset=\"https:\/\/www.yanpaez.com\/wp-content\/uploads\/2024\/03\/mFW-24.jpg 1185w, https:\/\/www.yanpaez.com\/wp-content\/uploads\/2024\/03\/mFW-24-163x300.jpg 163w, https:\/\/www.yanpaez.com\/wp-content\/uploads\/2024\/03\/mFW-24-555x1024.jpg 555w, https:\/\/www.yanpaez.com\/wp-content\/uploads\/2024\/03\/mFW-24-768x1417.jpg 768w, https:\/\/www.yanpaez.com\/wp-content\/uploads\/2024\/03\/mFW-24-832x1536.jpg 832w, https:\/\/www.yanpaez.com\/wp-content\/uploads\/2024\/03\/mFW-24-1110x2048.jpg 1110w, https:\/\/www.yanpaez.com\/wp-content\/uploads\/2024\/03\/mFW-24-7x12.jpg 7w, https:\/\/www.yanpaez.com\/wp-content\/uploads\/2024\/03\/mFW-24-370x683.jpg 370w, https:\/\/www.yanpaez.com\/wp-content\/uploads\/2024\/03\/mFW-24-770x1421.jpg 770w, https:\/\/www.yanpaez.com\/wp-content\/uploads\/2024\/03\/mFW-24-740x1366.jpg 740w, https:\/\/www.yanpaez.com\/wp-content\/uploads\/2024\/03\/mFW-24-600x1107.jpg 600w\" sizes=\"auto, (max-width: 1185px) 100vw, 1185px\" style=\"top:95px;left:346px;background-size:inherit;background-position:inherit;width:302px;height:541px;\"><a href=\"https:\/\/www.yanpaez.com\/en\/colaboraciones\/\" target=\"_self\" class=\"ls-link ls-link-on-top\"><\/a><\/div><\/div><\/div><div class=\"vc_empty_space  height_tiny\"   style=\"height: 32px\"><span class=\"vc_empty_space_inner\"><\/span><\/div><\/div><\/div><\/div><div class=\"wpb_column vc_column_container vc_col-sm-12\"><div class=\"vc_column-inner\"><div class=\"wpb_wrapper\"><\/div><\/div><\/div><\/div><div class=\"vc_row wpb_row vc_row-fluid\"><div class=\"wpb_column vc_column_container vc_col-sm-6\"><div class=\"vc_column-inner\"><div class=\"wpb_wrapper\"><h4 style=\"color: #dd7e02;text-align: center;font-family:Adamina;font-weight:400;font-style:normal\" class=\"vc_custom_heading\" >Fashion<\/h4><div class=\"vc_empty_space  height_tiny\"   style=\"height: 32px\"><span class=\"vc_empty_space_inner\"><\/span><\/div><h6 style=\"font-size: 18px;text-align: left;font-family:Abel;font-weight:400;font-style:normal\" class=\"vc_custom_heading\" >Yan P\u00e1ez extends his work to other arts areas, such as fashion. Collaborating with prominent dominican designers Giannina Azar and Marisol Enr\u00edquez.<\/p>\n<p>In this proposal Yan intervenes with his designs the textiles in cuts or made in an aesthetic way that can be presented in fashion or commercial events.<\/h6><div class=\"vc_empty_space  height_tiny\"   style=\"height: 32px\"><span class=\"vc_empty_space_inner\"><\/span><\/div><div class=\"vc_empty_space  height_tiny\"   style=\"height: 32px\"><span class=\"vc_empty_space_inner\"><\/span><\/div><div class=\"vc_empty_space  height_tiny\"   style=\"height: 32px\"><span class=\"vc_empty_space_inner\"><\/span><\/div><h5 style=\"font-size: 20px;color: #9b9b9b;text-align: center;font-family:Abel;font-weight:400;font-style:normal\" class=\"vc_custom_heading wpb_animate_when_almost_visible wpb_fadeInLeft fadeInLeft\" ><a href=\"https:\/\/www.gianninaazaratelier.com\" target=\"_blank\">Giannina Azar<\/a><\/h5><div class=\"vc_empty_space  height_tiny\"   style=\"height: 32px\"><span class=\"vc_empty_space_inner\"><\/span><\/div>\n\t<div  class=\"wpb_single_image wpb_content_element vc_align_left\">\n\t\t\n\t\t<figure class=\"wpb_wrapper vc_figure\">\n\t\t\t<div class=\"vc_single_image-wrapper   vc_box_border_grey\"><img loading=\"lazy\" decoding=\"async\" width=\"900\" height=\"1261\" src=\"https:\/\/www.yanpaez.com\/wp-content\/uploads\/2024\/10\/e47f5-3.jpeg\" class=\"vc_single_image-img attachment-full\" alt=\"\" srcset=\"https:\/\/www.yanpaez.com\/wp-content\/uploads\/2024\/10\/e47f5-3.jpeg 900w, https:\/\/www.yanpaez.com\/wp-content\/uploads\/2024\/10\/e47f5-3-214x300.jpeg 214w, https:\/\/www.yanpaez.com\/wp-content\/uploads\/2024\/10\/e47f5-3-731x1024.jpeg 731w, https:\/\/www.yanpaez.com\/wp-content\/uploads\/2024\/10\/e47f5-3-768x1076.jpeg 768w, https:\/\/www.yanpaez.com\/wp-content\/uploads\/2024\/10\/e47f5-3-9x12.jpeg 9w, https:\/\/www.yanpaez.com\/wp-content\/uploads\/2024\/10\/e47f5-3-370x518.jpeg 370w, https:\/\/www.yanpaez.com\/wp-content\/uploads\/2024\/10\/e47f5-3-770x1079.jpeg 770w, https:\/\/www.yanpaez.com\/wp-content\/uploads\/2024\/10\/e47f5-3-740x1037.jpeg 740w, https:\/\/www.yanpaez.com\/wp-content\/uploads\/2024\/10\/e47f5-3-600x841.jpeg 600w\" sizes=\"auto, (max-width: 900px) 100vw, 900px\" \/><\/div>\n\t\t<\/figure>\n\t<\/div>\n\n\t<div class=\"wpb_text_column wpb_content_element\" >\n\t\t<div class=\"wpb_wrapper\">\n\t\t\t<p>Miss Universo 2023 &#8211; Sheynnis Palacio<\/p>\n\n\t\t<\/div>\n\t<\/div>\n<div class=\"vc_empty_space  height_tiny\"   style=\"height: 32px\"><span class=\"vc_empty_space_inner\"><\/span><\/div><div class=\"vc_empty_space  height_tiny\"   style=\"height: 32px\"><span class=\"vc_empty_space_inner\"><\/span><\/div>\n\t<div  class=\"wpb_single_image wpb_content_element vc_align_left\">\n\t\t\n\t\t<figure class=\"wpb_wrapper vc_figure\">\n\t\t\t<div class=\"vc_single_image-wrapper   vc_box_border_grey\"><img loading=\"lazy\" decoding=\"async\" width=\"884\" height=\"996\" src=\"https:\/\/www.yanpaez.com\/wp-content\/uploads\/2025\/07\/IMG_2426.jpeg\" class=\"vc_single_image-img attachment-full\" alt=\"\" srcset=\"https:\/\/www.yanpaez.com\/wp-content\/uploads\/2025\/07\/IMG_2426.jpeg 884w, https:\/\/www.yanpaez.com\/wp-content\/uploads\/2025\/07\/IMG_2426-266x300.jpeg 266w, https:\/\/www.yanpaez.com\/wp-content\/uploads\/2025\/07\/IMG_2426-768x865.jpeg 768w, https:\/\/www.yanpaez.com\/wp-content\/uploads\/2025\/07\/IMG_2426-11x12.jpeg 11w, https:\/\/www.yanpaez.com\/wp-content\/uploads\/2025\/07\/IMG_2426-370x417.jpeg 370w, https:\/\/www.yanpaez.com\/wp-content\/uploads\/2025\/07\/IMG_2426-770x868.jpeg 770w, https:\/\/www.yanpaez.com\/wp-content\/uploads\/2025\/07\/IMG_2426-740x834.jpeg 740w, https:\/\/www.yanpaez.com\/wp-content\/uploads\/2025\/07\/IMG_2426-600x676.jpeg 600w\" sizes=\"auto, (max-width: 884px) 100vw, 884px\" \/><\/div>\n\t\t<\/figure>\n\t<\/div>\n\n\t<div class=\"wpb_text_column wpb_content_element\" >\n\t\t<div class=\"wpb_wrapper\">\n\t\t\t<p>Miss World 2024 &#8211; Krystyna Pyszkov\u00e1<\/p>\n\n\t\t<\/div>\n\t<\/div>\n<div class=\"vc_empty_space  height_tiny\"   style=\"height: 32px\"><span class=\"vc_empty_space_inner\"><\/span><\/div><div class=\"vc_empty_space  height_tiny\"   style=\"height: 32px\"><span class=\"vc_empty_space_inner\"><\/span><\/div>\n<div class=\"vc_grid-container-wrapper vc_clearfix vc_grid-animation-fadeIn\">\n\t<div class=\"vc_grid-container vc_clearfix wpb_content_element vc_masonry_media_grid\" data-initial-loading-animation=\"fadeIn\" data-vc-grid-settings=\"{&quot;page_id&quot;:633,&quot;style&quot;:&quot;all-masonry&quot;,&quot;action&quot;:&quot;vc_get_vc_grid_data&quot;,&quot;shortcode_id&quot;:&quot;1752542434196-dc16f18f-04b0-3&quot;,&quot;tag&quot;:&quot;vc_masonry_media_grid&quot;}\" data-vc-request=\"https:\/\/www.yanpaez.com\/wp-admin\/admin-ajax.php\" data-vc-post-id=\"633\" data-vc-public-nonce=\"f4ac883fe7\">\n\t\t\n\t<\/div>\n<\/div><div class=\"vc_empty_space  height_tiny\"   style=\"height: 40px\"><span class=\"vc_empty_space_inner\"><\/span><\/div><\/div><\/div><\/div><div class=\"wpb_column vc_column_container vc_col-sm-6\"><div class=\"vc_column-inner\"><div class=\"wpb_wrapper\"><h5 style=\"font-size: 20px;color: #9b9b9b;text-align: center;font-family:Abel;font-weight:400;font-style:normal\" class=\"vc_custom_heading wpb_animate_when_almost_visible wpb_fadeInRight fadeInRight\" >Marisol Henr\u00edquez<\/h5><div class=\"vc_empty_space  height_tiny\"   style=\"height: 40px\"><span class=\"vc_empty_space_inner\"><\/span><\/div>\n<div class=\"vc_grid-container-wrapper vc_clearfix vc_grid-animation-fadeIn\">\n\t<div class=\"vc_grid-container vc_clearfix wpb_content_element vc_media_grid\" data-initial-loading-animation=\"fadeIn\" data-vc-grid-settings=\"{&quot;page_id&quot;:633,&quot;style&quot;:&quot;all&quot;,&quot;action&quot;:&quot;vc_get_vc_grid_data&quot;,&quot;shortcode_id&quot;:&quot;1752542434200-160170a3-f242-8&quot;,&quot;tag&quot;:&quot;vc_media_grid&quot;}\" data-vc-request=\"https:\/\/www.yanpaez.com\/wp-admin\/admin-ajax.php\" data-vc-post-id=\"633\" data-vc-public-nonce=\"f4ac883fe7\">\n\t\t\n\t<\/div>\n<\/div><div class=\"vc_empty_space  height_tiny\"   style=\"height: 40px\"><span class=\"vc_empty_space_inner\"><\/span><\/div><div class=\"vc_empty_space  height_tiny\"   style=\"height: 40px\"><span class=\"vc_empty_space_inner\"><\/span><\/div><\/div><\/div><\/div><\/div>","protected":false},"excerpt":{"rendered":"ModaYan P\u00e1ez extiende su obra hacia otras \u00e1reas de las artes, como la moda. Colaborando con las destacadas dise\u00f1adoras dominicanas Giannina Azar Y Marisol Enr\u00edquez. En esta propuesta Yan interviene con sus dise\u00f1os los textiles en cortes o confeccionados de una forma est\u00e9tica que se pueda presentar en eventos de moda \u00f3 comercial.Giannina Azar Miss Universo 2023 - Sheynnis Palacio&hellip;","protected":false},"author":1,"featured_media":0,"parent":0,"menu_order":0,"comment_status":"closed","ping_status":"closed","template":"","meta":{"footnotes":""},"class_list":["post-633","page","type-page","status-publish","hentry"],"yoast_head":"<!-- This site is optimized with the Yoast SEO plugin v27.1.1 - https:\/\/yoast.com\/product\/yoast-seo-wordpress\/ -->\n<title>Colaboraciones | Yan Paez<\/title>\n<meta name=\"description\" content=\"Yan P\u00e1ez extiende su obra hacia otras \u00e1reas de las artes, como la moda. Colaborando con destacados dise\u00f1adores dominicanos.\" \/>\n<meta name=\"robots\" content=\"index, follow, max-snippet:-1, max-image-preview:large, max-video-preview:-1\" \/>\n<link rel=\"canonical\" href=\"https:\/\/www.yanpaez.com\/en\/colaboraciones\/\" \/>\n<meta property=\"og:locale\" content=\"en_US\" \/>\n<meta property=\"og:type\" content=\"article\" \/>\n<meta property=\"og:title\" content=\"Colaboraciones | Yan Paez\" \/>\n<meta property=\"og:description\" content=\"Yan P\u00e1ez extiende su obra hacia otras \u00e1reas de las artes, como la moda. Colaborando con destacados dise\u00f1adores dominicanos.\" \/>\n<meta property=\"og:url\" content=\"https:\/\/www.yanpaez.com\/en\/colaboraciones\/\" \/>\n<meta property=\"og:site_name\" content=\"Yan Paez\" \/>\n<meta property=\"article:modified_time\" content=\"2025-07-15T01:40:33+00:00\" \/>\n<meta name=\"twitter:card\" content=\"summary_large_image\" \/>\n<meta name=\"twitter:label1\" content=\"Est. reading time\" \/>\n\t<meta name=\"twitter:data1\" content=\"4 minutes\" \/>\n<script type=\"application\/ld+json\" class=\"yoast-schema-graph\">{\"@context\":\"https:\/\/schema.org\",\"@graph\":[{\"@type\":\"WebPage\",\"@id\":\"https:\/\/www.yanpaez.com\/colaboraciones\/\",\"url\":\"https:\/\/www.yanpaez.com\/colaboraciones\/\",\"name\":\"Colaboraciones | Yan Paez\",\"isPartOf\":{\"@id\":\"https:\/\/www.yanpaez.com\/#website\"},\"datePublished\":\"2016-10-06T10:23:59+00:00\",\"dateModified\":\"2025-07-15T01:40:33+00:00\",\"description\":\"Yan P\u00e1ez extiende su obra hacia otras \u00e1reas de las artes, como la moda. Colaborando con destacados dise\u00f1adores dominicanos.\",\"breadcrumb\":{\"@id\":\"https:\/\/www.yanpaez.com\/colaboraciones\/#breadcrumb\"},\"inLanguage\":\"en-US\",\"potentialAction\":[{\"@type\":\"ReadAction\",\"target\":[\"https:\/\/www.yanpaez.com\/colaboraciones\/\"]}]},{\"@type\":\"BreadcrumbList\",\"@id\":\"https:\/\/www.yanpaez.com\/colaboraciones\/#breadcrumb\",\"itemListElement\":[{\"@type\":\"ListItem\",\"position\":1,\"name\":\"Home\",\"item\":\"https:\/\/www.yanpaez.com\/\"},{\"@type\":\"ListItem\",\"position\":2,\"name\":\"Colaboraciones\"}]},{\"@type\":\"WebSite\",\"@id\":\"https:\/\/www.yanpaez.com\/#website\",\"url\":\"https:\/\/www.yanpaez.com\/\",\"name\":\"Yan Paez\",\"description\":\"Sitio oficial\",\"publisher\":{\"@id\":\"https:\/\/www.yanpaez.com\/#organization\"},\"potentialAction\":[{\"@type\":\"SearchAction\",\"target\":{\"@type\":\"EntryPoint\",\"urlTemplate\":\"https:\/\/www.yanpaez.com\/?s={search_term_string}\"},\"query-input\":{\"@type\":\"PropertyValueSpecification\",\"valueRequired\":true,\"valueName\":\"search_term_string\"}}],\"inLanguage\":\"en-US\"},{\"@type\":\"Organization\",\"@id\":\"https:\/\/www.yanpaez.com\/#organization\",\"name\":\"Yan Paez\",\"url\":\"https:\/\/www.yanpaez.com\/\",\"logo\":{\"@type\":\"ImageObject\",\"inLanguage\":\"en-US\",\"@id\":\"https:\/\/www.yanpaez.com\/#\/schema\/logo\/image\/\",\"url\":\"https:\/\/www.yanpaez.com\/wp-content\/uploads\/2022\/01\/dorado-logo_a-2x2-n.png\",\"contentUrl\":\"https:\/\/www.yanpaez.com\/wp-content\/uploads\/2022\/01\/dorado-logo_a-2x2-n.png\",\"width\":671,\"height\":671,\"caption\":\"Yan Paez\"},\"image\":{\"@id\":\"https:\/\/www.yanpaez.com\/#\/schema\/logo\/image\/\"}}]}<\/script>\n<!-- \/ Yoast SEO plugin. -->","yoast_head_json":{"title":"Colaboraciones | Yan Paez","description":"Yan P\u00e1ez extiende su obra hacia otras \u00e1reas de las artes, como la moda. Colaborando con destacados dise\u00f1adores dominicanos.","robots":{"index":"index","follow":"follow","max-snippet":"max-snippet:-1","max-image-preview":"max-image-preview:large","max-video-preview":"max-video-preview:-1"},"canonical":"https:\/\/www.yanpaez.com\/en\/colaboraciones\/","og_locale":"en_US","og_type":"article","og_title":"Colaboraciones | Yan Paez","og_description":"Yan P\u00e1ez extiende su obra hacia otras \u00e1reas de las artes, como la moda. Colaborando con destacados dise\u00f1adores dominicanos.","og_url":"https:\/\/www.yanpaez.com\/en\/colaboraciones\/","og_site_name":"Yan Paez","article_modified_time":"2025-07-15T01:40:33+00:00","twitter_card":"summary_large_image","twitter_misc":{"Est. reading time":"4 minutes"},"schema":{"@context":"https:\/\/schema.org","@graph":[{"@type":"WebPage","@id":"https:\/\/www.yanpaez.com\/colaboraciones\/","url":"https:\/\/www.yanpaez.com\/colaboraciones\/","name":"Colaboraciones | Yan Paez","isPartOf":{"@id":"https:\/\/www.yanpaez.com\/#website"},"datePublished":"2016-10-06T10:23:59+00:00","dateModified":"2025-07-15T01:40:33+00:00","description":"Yan P\u00e1ez extiende su obra hacia otras \u00e1reas de las artes, como la moda. Colaborando con destacados dise\u00f1adores dominicanos.","breadcrumb":{"@id":"https:\/\/www.yanpaez.com\/colaboraciones\/#breadcrumb"},"inLanguage":"en-US","potentialAction":[{"@type":"ReadAction","target":["https:\/\/www.yanpaez.com\/colaboraciones\/"]}]},{"@type":"BreadcrumbList","@id":"https:\/\/www.yanpaez.com\/colaboraciones\/#breadcrumb","itemListElement":[{"@type":"ListItem","position":1,"name":"Home","item":"https:\/\/www.yanpaez.com\/"},{"@type":"ListItem","position":2,"name":"Colaboraciones"}]},{"@type":"WebSite","@id":"https:\/\/www.yanpaez.com\/#website","url":"https:\/\/www.yanpaez.com\/","name":"Yan Paez","description":"Sitio oficial","publisher":{"@id":"https:\/\/www.yanpaez.com\/#organization"},"potentialAction":[{"@type":"SearchAction","target":{"@type":"EntryPoint","urlTemplate":"https:\/\/www.yanpaez.com\/?s={search_term_string}"},"query-input":{"@type":"PropertyValueSpecification","valueRequired":true,"valueName":"search_term_string"}}],"inLanguage":"en-US"},{"@type":"Organization","@id":"https:\/\/www.yanpaez.com\/#organization","name":"Yan Paez","url":"https:\/\/www.yanpaez.com\/","logo":{"@type":"ImageObject","inLanguage":"en-US","@id":"https:\/\/www.yanpaez.com\/#\/schema\/logo\/image\/","url":"https:\/\/www.yanpaez.com\/wp-content\/uploads\/2022\/01\/dorado-logo_a-2x2-n.png","contentUrl":"https:\/\/www.yanpaez.com\/wp-content\/uploads\/2022\/01\/dorado-logo_a-2x2-n.png","width":671,"height":671,"caption":"Yan Paez"},"image":{"@id":"https:\/\/www.yanpaez.com\/#\/schema\/logo\/image\/"}}]}},"_links":{"self":[{"href":"https:\/\/www.yanpaez.com\/en\/wp-json\/wp\/v2\/pages\/633","targetHints":{"allow":["GET"]}}],"collection":[{"href":"https:\/\/www.yanpaez.com\/en\/wp-json\/wp\/v2\/pages"}],"about":[{"href":"https:\/\/www.yanpaez.com\/en\/wp-json\/wp\/v2\/types\/page"}],"author":[{"embeddable":true,"href":"https:\/\/www.yanpaez.com\/en\/wp-json\/wp\/v2\/users\/1"}],"replies":[{"embeddable":true,"href":"https:\/\/www.yanpaez.com\/en\/wp-json\/wp\/v2\/comments?post=633"}],"version-history":[{"count":0,"href":"https:\/\/www.yanpaez.com\/en\/wp-json\/wp\/v2\/pages\/633\/revisions"}],"wp:attachment":[{"href":"https:\/\/www.yanpaez.com\/en\/wp-json\/wp\/v2\/media?parent=633"}],"curies":[{"name":"wp","href":"https:\/\/api.w.org\/{rel}","templated":true}]}}